{"id":7908,"date":"2023-01-03T15:35:18","date_gmt":"2023-01-03T18:35:18","guid":{"rendered":"http:\/\/etad.com.br\/en\/?page_id=7908"},"modified":"2023-01-17T13:02:05","modified_gmt":"2023-01-17T16:02:05","slug":"pro-bono-art","status":"publish","type":"page","link":"https:\/\/etad.com.br\/en\/ceara-202-project\/pro-bono-art\/","title":{"rendered":"Pro Bono Art"},"content":{"rendered":"<div class=\"fusion-fullwidth fullwidth-box fusion-builder-row-1 fusion-flex-container etad-container-900-row nonhundred-percent-fullwidth non-hundred-percent-height-scrolling\" style=\"background-color: rgba(255,255,255,0);background-position: center center;background-repeat: no-repeat;border-width: 0px 0px 0px 0px;border-color:#eae9e9;border-style:solid;\" ><div class=\"fusion-builder-row fusion-row fusion-flex-align-items-flex-start\" style=\"max-width:1144px;margin-left: calc(-4% \/ 2 );margin-right: calc(-4% \/ 2 );\"><div class=\"fusion-layout-column fusion_builder_column fusion-builder-column-0 fusion_builder_column_1_2 1_2 fusion-flex-column\"><div class=\"fusion-column-wrapper fusion-flex-justify-content-flex-start fusion-content-layout-column\" style=\"background-position:left top;background-repeat:no-repeat;-webkit-background-size:cover;-moz-background-size:cover;-o-background-size:cover;background-size:cover;padding: 0px 0px 0px 0px;\"><div ><span class=\" fusion-imageframe imageframe-none imageframe-1 hover-type-none esun-aspect-ratio-4-3-container\" style=\"max-width:100%;margin-bottom:15px;\"><img decoding=\"async\" width=\"300\" height=\"200\" title=\"Geral Feira do Livro 2022\" src=\"http:\/\/etad.com.br\/en\/wp-content\/uploads\/2023\/01\/Feira-do-Livro-2022_23-300x200.jpg\" class=\"img-responsive wp-image-7967\" srcset=\"https:\/\/etad.com.br\/en\/wp-content\/uploads\/2023\/01\/Feira-do-Livro-2022_23-200x133.jpg 200w, https:\/\/etad.com.br\/en\/wp-content\/uploads\/2023\/01\/Feira-do-Livro-2022_23-400x267.jpg 400w, https:\/\/etad.com.br\/en\/wp-content\/uploads\/2023\/01\/Feira-do-Livro-2022_23-600x400.jpg 600w, https:\/\/etad.com.br\/en\/wp-content\/uploads\/2023\/01\/Feira-do-Livro-2022_23-800x533.jpg 800w, https:\/\/etad.com.br\/en\/wp-content\/uploads\/2023\/01\/Feira-do-Livro-2022_23-1200x800.jpg 1200w, https:\/\/etad.com.br\/en\/wp-content\/uploads\/2023\/01\/Feira-do-Livro-2022_23.jpg 1500w\" sizes=\"(max-width: 1024px) 100vw, (max-width: 640px) 100vw, 600px\" \/><\/span><\/div><style type=\"text\/css\">@media only screen and (max-width:1024px) {.fusion-title.fusion-title-1{margin-top:0px!important; margin-right:0px!important;margin-bottom:-15px!important;margin-left:0px!important;}}@media only screen and (max-width:640px) {.fusion-title.fusion-title-1{margin-top:10px!important; margin-right:0px!important;margin-bottom:10px!important; margin-left:0px!important;}}<\/style><div class=\"fusion-title title fusion-title-1 fusion-sep-none fusion-title-text fusion-title-size-two\" style=\"font-size:16px;margin-top:0px;margin-right:0px;margin-bottom:-15px;margin-left:0px;\"><div class=\"title-heading-left title-heading-tag\" style=\"margin:0;font-size:1em;color:#7a7c81;\"><h3><a href=\"http:\/\/etad.com.br\/en\/projeto\/feira-do-livro-2022-2\/\"><strong>Feira do Livro 2022<\/strong><\/a><\/h3><\/div><\/div><div class=\"fusion-text fusion-text-1 etad-texto-block-adv\" style=\"color:#7a7c81;\"><p>Our firm provided legal advice to the Feira do Livro 2022, a free admission Book Fair that comprehended more that 45 speakers and 120 publishers, bookstores and newsstands, and took place at Charles Miller Square, in front of Pacaemb\u00fa Stadium (S\u00e3o Paulo), from June 8th-12th, 2022.<\/p>\n<\/div><\/div><style type=\"text\/css\">.fusion-body .fusion-builder-column-0{width:50% !important;margin-top : 0px;margin-bottom : 20px;}.fusion-builder-column-0 > .fusion-column-wrapper {padding-top : 0px !important;padding-right : 0px !important;margin-right : 3.84%;padding-bottom : 0px !important;padding-left : 0px !important;margin-left : 3.84%;}@media only screen and (max-width:1024px) {.fusion-body .fusion-builder-column-0{width:50% !important;order : 0;}.fusion-builder-column-0 > .fusion-column-wrapper {margin-right : 3.84%;margin-left : 3.84%;}}@media only screen and (max-width:640px) {.fusion-body .fusion-builder-column-0{width:100% !important;order : 0;}.fusion-builder-column-0 > .fusion-column-wrapper {margin-right : 1.92%;margin-left : 1.92%;}}<\/style><\/div><div class=\"fusion-layout-column fusion_builder_column fusion-builder-column-1 fusion_builder_column_1_2 1_2 fusion-flex-column\"><div class=\"fusion-column-wrapper fusion-flex-justify-content-flex-start fusion-content-layout-column\" style=\"background-position:left top;background-repeat:no-repeat;-webkit-background-size:cover;-moz-background-size:cover;-o-background-size:cover;background-size:cover;padding: 0px 0px 0px 0px;\"><div ><span class=\" fusion-imageframe imageframe-none imageframe-2 hover-type-none esun-aspect-ratio-4-3-container\" style=\"max-width:100%;margin-bottom:15px;\"><img decoding=\"async\" width=\"300\" height=\"200\" title=\"WhatsApp Image 2023-01-13 at 17.51.43\" src=\"http:\/\/etad.com.br\/en\/wp-content\/uploads\/2023\/01\/WhatsApp-Image-2023-01-13-at-17.51.43-300x200.jpeg\" class=\"img-responsive wp-image-7941\" srcset=\"https:\/\/etad.com.br\/en\/wp-content\/uploads\/2023\/01\/WhatsApp-Image-2023-01-13-at-17.51.43-200x133.jpeg 200w, https:\/\/etad.com.br\/en\/wp-content\/uploads\/2023\/01\/WhatsApp-Image-2023-01-13-at-17.51.43-400x267.jpeg 400w, https:\/\/etad.com.br\/en\/wp-content\/uploads\/2023\/01\/WhatsApp-Image-2023-01-13-at-17.51.43-600x400.jpeg 600w, https:\/\/etad.com.br\/en\/wp-content\/uploads\/2023\/01\/WhatsApp-Image-2023-01-13-at-17.51.43-800x533.jpeg 800w, https:\/\/etad.com.br\/en\/wp-content\/uploads\/2023\/01\/WhatsApp-Image-2023-01-13-at-17.51.43-1200x800.jpeg 1200w, https:\/\/etad.com.br\/en\/wp-content\/uploads\/2023\/01\/WhatsApp-Image-2023-01-13-at-17.51.43.jpeg 1600w\" sizes=\"(max-width: 1024px) 100vw, (max-width: 640px) 100vw, 600px\" \/><\/span><\/div><style type=\"text\/css\">@media only screen and (max-width:1024px) {.fusion-title.fusion-title-2{margin-top:0px!important; margin-right:0px!important;margin-bottom:-15px!important;margin-left:0px!important;}}@media only screen and (max-width:640px) {.fusion-title.fusion-title-2{margin-top:10px!important; margin-right:0px!important;margin-bottom:10px!important; margin-left:0px!important;}}<\/style><div class=\"fusion-title title fusion-title-2 fusion-sep-none fusion-title-text fusion-title-size-two\" style=\"font-size:16px;margin-top:0px;margin-right:0px;margin-bottom:-15px;margin-left:0px;\"><div class=\"title-heading-left title-heading-tag\" style=\"margin:0;font-size:1em;color:#7a7c81;\"><h3><strong><a href=\"http:\/\/etad.com.br\/en\/projeto\/black-widow\/\">Entrevendo<\/a><\/strong><\/h3><\/div><\/div><div class=\"fusion-text fusion-text-2 etad-texto-block-adv\" style=\"color:#7a7c81;\"><p>Our firm provided legal advice to the exhibition ENTREVENDO by Cildo Meireles. The show presented more than 150 pieces, his biggest collection ever exhibited, and took place at Sesc Pompeia (S\u00e3o Paulo) from September 2019 to February 2020.<\/p>\n<\/div><\/div><style type=\"text\/css\">.fusion-body .fusion-builder-column-1{width:50% !important;margin-top : 0px;margin-bottom : 20px;}.fusion-builder-column-1 > .fusion-column-wrapper {padding-top : 0px !important;padding-right : 0px !important;margin-right : 3.84%;padding-bottom : 0px !important;padding-left : 0px !important;margin-left : 3.84%;}@media only screen and (max-width:1024px) {.fusion-body .fusion-builder-column-1{width:50% !important;order : 0;}.fusion-builder-column-1 > .fusion-column-wrapper {margin-right : 3.84%;margin-left : 3.84%;}}@media only screen and (max-width:640px) {.fusion-body .fusion-builder-column-1{width:100% !important;order : 0;}.fusion-builder-column-1 > .fusion-column-wrapper {margin-right : 1.92%;margin-left : 1.92%;}}<\/style><\/div><div class=\"fusion-layout-column fusion_builder_column fusion-builder-column-2 fusion_builder_column_1_2 1_2 fusion-flex-column\"><div class=\"fusion-column-wrapper fusion-flex-justify-content-flex-start fusion-content-layout-column\" style=\"background-position:left top;background-repeat:no-repeat;-webkit-background-size:cover;-moz-background-size:cover;-o-background-size:cover;background-size:cover;padding: 0px 0px 0px 0px;\"><div ><span class=\" fusion-imageframe imageframe-none imageframe-3 hover-type-none esun-aspect-ratio-4-3-container\" style=\"max-width:100%;margin-bottom:15px;\"><img decoding=\"async\" width=\"232\" height=\"300\" src=\"http:\/\/etad.com.br\/en\/wp-content\/uploads\/2022\/11\/WhatsApp-Image-2022-11-11-at-15.56.07-1-232x300.jpeg\" class=\"img-responsive wp-image-7895\" srcset=\"https:\/\/etad.com.br\/en\/wp-content\/uploads\/2022\/11\/WhatsApp-Image-2022-11-11-at-15.56.07-1-200x259.jpeg 200w, https:\/\/etad.com.br\/en\/wp-content\/uploads\/2022\/11\/WhatsApp-Image-2022-11-11-at-15.56.07-1-400x518.jpeg 400w, https:\/\/etad.com.br\/en\/wp-content\/uploads\/2022\/11\/WhatsApp-Image-2022-11-11-at-15.56.07-1.jpeg 480w\" sizes=\"(max-width: 1024px) 100vw, (max-width: 640px) 100vw, 232px\" \/><\/span><\/div><style type=\"text\/css\">@media only screen and (max-width:1024px) {.fusion-title.fusion-title-3{margin-top:0px!important; margin-right:0px!important;margin-bottom:-15px!important;margin-left:0px!important;}}@media only screen and (max-width:640px) {.fusion-title.fusion-title-3{margin-top:10px!important; margin-right:0px!important;margin-bottom:10px!important; margin-left:0px!important;}}<\/style><div class=\"fusion-title title fusion-title-3 fusion-sep-none fusion-title-text fusion-title-size-two\" style=\"font-size:16px;margin-top:0px;margin-right:0px;margin-bottom:-15px;margin-left:0px;\"><div class=\"title-heading-left title-heading-tag\" style=\"margin:0;font-size:1em;color:#7a7c81;\"><h3><strong><a href=\"http:\/\/etad.com.br\/en\/projeto\/black-widow\/\">Black Widow<\/a><\/strong><\/h3><\/div><\/div><div class=\"fusion-text fusion-text-3 etad-texto-block-adv\" style=\"color:#7a7c81;\"><p>Our firm, through Projeto Cear\u00e1 202, provided legal advice to the Brazilian Institute of Architects of the S\u00e3o Paulo division (Instituto de Arquitetos do Brasil \u2013 IAB\/SP) in a loss adjustment concerning the American artist Alexander Calder\u2019s work, Black Widow (1959), damaged during an exhibition.<\/p>\n<\/div><\/div><style type=\"text\/css\">.fusion-body .fusion-builder-column-2{width:50% !important;margin-top : 0px;margin-bottom : 20px;}.fusion-builder-column-2 > .fusion-column-wrapper {padding-top : 0px !important;padding-right : 0px !important;margin-right : 3.84%;padding-bottom : 0px !important;padding-left : 0px !important;margin-left : 3.84%;}@media only screen and (max-width:1024px) {.fusion-body .fusion-builder-column-2{width:50% !important;order : 0;}.fusion-builder-column-2 > .fusion-column-wrapper {margin-right : 3.84%;margin-left : 3.84%;}}@media only screen and (max-width:640px) {.fusion-body .fusion-builder-column-2{width:100% !important;order : 0;}.fusion-builder-column-2 > .fusion-column-wrapper {margin-right : 1.92%;margin-left : 1.92%;}}<\/style><\/div><div class=\"fusion-layout-column fusion_builder_column fusion-builder-column-3 fusion_builder_column_1_2 1_2 fusion-flex-column\"><div class=\"fusion-column-wrapper fusion-flex-justify-content-flex-start fusion-content-layout-column\" style=\"background-position:left top;background-repeat:no-repeat;-webkit-background-size:cover;-moz-background-size:cover;-o-background-size:cover;background-size:cover;padding: 0px 0px 0px 0px;\"><div ><span class=\" fusion-imageframe imageframe-none imageframe-4 hover-type-none esun-aspect-ratio-4-3-container\" style=\"max-width:100%;margin-bottom:15px;\"><img decoding=\"async\" width=\"300\" height=\"200\" title=\"WhatsApp Image 2023-01-03 at 14.53.10\" src=\"http:\/\/etad.com.br\/en\/wp-content\/uploads\/2023\/01\/WhatsApp-Image-2023-01-03-at-14.53.10-300x200.jpeg\" class=\"img-responsive wp-image-7909\" srcset=\"https:\/\/etad.com.br\/en\/wp-content\/uploads\/2023\/01\/WhatsApp-Image-2023-01-03-at-14.53.10-200x133.jpeg 200w, https:\/\/etad.com.br\/en\/wp-content\/uploads\/2023\/01\/WhatsApp-Image-2023-01-03-at-14.53.10-400x266.jpeg 400w, https:\/\/etad.com.br\/en\/wp-content\/uploads\/2023\/01\/WhatsApp-Image-2023-01-03-at-14.53.10-600x399.jpeg 600w, https:\/\/etad.com.br\/en\/wp-content\/uploads\/2023\/01\/WhatsApp-Image-2023-01-03-at-14.53.10-800x533.jpeg 800w, https:\/\/etad.com.br\/en\/wp-content\/uploads\/2023\/01\/WhatsApp-Image-2023-01-03-at-14.53.10-1200x799.jpeg 1200w, https:\/\/etad.com.br\/en\/wp-content\/uploads\/2023\/01\/WhatsApp-Image-2023-01-03-at-14.53.10.jpeg 1600w\" sizes=\"(max-width: 1024px) 100vw, (max-width: 640px) 100vw, 600px\" \/><\/span><\/div><style type=\"text\/css\">@media only screen and (max-width:1024px) {.fusion-title.fusion-title-4{margin-top:0px!important; margin-right:0px!important;margin-bottom:-15px!important;margin-left:0px!important;}}@media only screen and (max-width:640px) {.fusion-title.fusion-title-4{margin-top:10px!important; margin-right:0px!important;margin-bottom:10px!important; margin-left:0px!important;}}<\/style><div class=\"fusion-title title fusion-title-4 fusion-sep-none fusion-title-text fusion-title-size-two\" style=\"font-size:16px;margin-top:0px;margin-right:0px;margin-bottom:-15px;margin-left:0px;\"><div class=\"title-heading-left title-heading-tag\" style=\"margin:0;font-size:1em;color:#7a7c81;\"><h3><strong><a href=\"http:\/\/etad.com.br\/en\/projeto\/amazonia\/\">Amaz\u00f4nia<\/a><\/strong><\/h3><\/div><\/div><div class=\"fusion-text fusion-text-4 etad-texto-block-adv\" style=\"color:#7a7c81;\"><p>Through Projeto Cear\u00e1 202 our firm provided legal advice to the Brazilian editions of the acclaimed exhibition AMAZ\u00d4NIA by world renowned Brazilian photojournalist Sebasti\u00e3o Salgado, AMAZ\u00d4NIA, and organized by L\u00e9lia Wanick Salgado, that took place in the cities of S\u00e3o Paulo (Sesc Pompeia) and Rio de Janeiro (Museu do Amanh\u00e3).<\/p>\n<\/div><\/div><style type=\"text\/css\">.fusion-body .fusion-builder-column-3{width:50% !important;margin-top : 0px;margin-bottom : 20px;}.fusion-builder-column-3 > .fusion-column-wrapper {padding-top : 0px !important;padding-right : 0px !important;margin-right : 3.84%;padding-bottom : 0px !important;padding-left : 0px !important;margin-left : 3.84%;}@media only screen and (max-width:1024px) {.fusion-body .fusion-builder-column-3{width:50% !important;order : 0;}.fusion-builder-column-3 > .fusion-column-wrapper {margin-right : 3.84%;margin-left : 3.84%;}}@media only screen and (max-width:640px) {.fusion-body .fusion-builder-column-3{width:100% !important;order : 0;}.fusion-builder-column-3 > .fusion-column-wrapper {margin-right : 1.92%;margin-left : 1.92%;}}<\/style><\/div><div class=\"fusion-layout-column fusion_builder_column fusion-builder-column-4 fusion_builder_column_1_1 1_1 fusion-flex-column\"><div class=\"fusion-column-wrapper fusion-flex-justify-content-flex-start fusion-content-layout-column\" style=\"background-position:left top;background-repeat:no-repeat;-webkit-background-size:cover;-moz-background-size:cover;-o-background-size:cover;background-size:cover;padding: 0px 0px 0px 0px;\"><div class=\"fusion-separator fusion-full-width-sep\" style=\"align-self: center;margin-left: auto;margin-right: auto;margin-top:100px;width:100%;\"><\/div><div class=\"fusion-text fusion-text-5 etad-texto-negrito-content\" style=\"color:#4d4e56;font-family:&quot;Open Sans&quot;;font-weight:600;\"><p>Siga nosso canal no Youtube:<\/p>\n<\/div><div class=\"fusion-video fusion-youtube\" style=\"max-width:600px;max-height:360px;\"><div class=\"video-shortcode\"><iframe title=\"YouTube video player 1\" src=\"https:\/\/www.youtube.com\/embed\/yaaU8ZLIxs4?wmode=transparent&autoplay=0\" width=\"600\" height=\"360\" allowfullscreen allow=\"autoplay; fullscreen\"><\/iframe><\/div><\/div><\/div><style type=\"text\/css\">.fusion-body .fusion-builder-column-4{width:100% !important;margin-top : 0px;margin-bottom : 20px;}.fusion-builder-column-4 > .fusion-column-wrapper {padding-top : 0px !important;padding-right : 0px !important;margin-right : 1.92%;padding-bottom : 0px !important;padding-left : 0px !important;margin-left : 1.92%;}@media only screen and (max-width:1024px) {.fusion-body .fusion-builder-column-4{width:100% !important;order : 0;}.fusion-builder-column-4 > .fusion-column-wrapper {margin-right : 1.92%;margin-left : 1.92%;}}@media only screen and (max-width:640px) {.fusion-body .fusion-builder-column-4{width:100% !important;order : 0;}.fusion-builder-column-4 > .fusion-column-wrapper {margin-right : 1.92%;margin-left : 1.92%;}}<\/style><\/div><\/div><style type=\"text\/css\">.fusion-body .fusion-flex-container.fusion-builder-row-1{ padding-top : 0px;margin-top : 0px;padding-right : 0px;padding-bottom : 50px;margin-bottom : 0px;padding-left : 0px;}<\/style><\/div>\n","protected":false},"excerpt":{"rendered":"","protected":false},"author":3,"featured_media":0,"parent":1120,"menu_order":10,"comment_status":"closed","ping_status":"closed","template":"","meta":{"_acf_changed":false,"footnotes":""},"class_list":["post-7908","page","type-page","status-publish","hentry"],"acf":[],"_links":{"self":[{"href":"https:\/\/etad.com.br\/en\/wp-json\/wp\/v2\/pages\/7908","targetHints":{"allow":["GET"]}}],"collection":[{"href":"https:\/\/etad.com.br\/en\/wp-json\/wp\/v2\/pages"}],"about":[{"href":"https:\/\/etad.com.br\/en\/wp-json\/wp\/v2\/types\/page"}],"author":[{"embeddable":true,"href":"https:\/\/etad.com.br\/en\/wp-json\/wp\/v2\/users\/3"}],"replies":[{"embeddable":true,"href":"https:\/\/etad.com.br\/en\/wp-json\/wp\/v2\/comments?post=7908"}],"version-history":[{"count":25,"href":"https:\/\/etad.com.br\/en\/wp-json\/wp\/v2\/pages\/7908\/revisions"}],"predecessor-version":[{"id":7971,"href":"https:\/\/etad.com.br\/en\/wp-json\/wp\/v2\/pages\/7908\/revisions\/7971"}],"up":[{"embeddable":true,"href":"https:\/\/etad.com.br\/en\/wp-json\/wp\/v2\/pages\/1120"}],"wp:attachment":[{"href":"https:\/\/etad.com.br\/en\/wp-json\/wp\/v2\/media?parent=7908"}],"curies":[{"name":"wp","href":"https:\/\/api.w.org\/{rel}","templated":true}]}}